{"id":4340,"date":"2025-12-15T09:26:07","date_gmt":"2025-12-15T09:26:07","guid":{"rendered":"https:\/\/observatoire.forets-parcnational.fr\/?page_id=4340"},"modified":"2025-12-15T09:35:48","modified_gmt":"2025-12-15T09:35:48","slug":"les-observatoires","status":"publish","type":"page","link":"https:\/\/observatoire.forets-parcnational.fr\/?page_id=4340","title":{"rendered":"Les observatoires"},"content":{"rendered":"\n<p><\/p>\n\n\n\n<p class=\"has-x-large-font-size\">Les observatoires<\/p>\n\n\n\n<p><a href=\"https:\/\/observatoire.forets-parcnational.fr\/?page_id=843\">L&#8217;observatoire des for\u00eats  &#8211; Cliquez ici pour y acc\u00e9der<\/a><br><a href=\"https:\/\/observatoire.forets-parcnational.fr\/?page_id=2311\">L&#8217;observatoire de l&#8217;eau &#8211; Cliquez ici pour y acc\u00e9der<\/a><\/p>\n\n\n\n<p><\/p>\n","protected":false},"excerpt":{"rendered":"<p>Les observatoires L&#8217;observatoire des for\u00eats &#8211; Cliquez ici pour y acc\u00e9derL&#8217;observatoire de l&#8217;eau &#8211; Cliquez ici pour y acc\u00e9der<\/p>\n","protected":false},"author":1,"featured_media":0,"parent":0,"menu_order":0,"comment_status":"closed","ping_status":"closed","template":"","meta":{"neve_meta_sidebar":"","neve_meta_container":"","neve_meta_enable_content_width":"","neve_meta_content_width":0,"neve_meta_title_alignment":"","neve_meta_author_avatar":"","neve_post_elements_order":"","neve_meta_disable_header":"","neve_meta_disable_footer":"","neve_meta_disable_title":"","_themeisle_gutenberg_block_has_review":false,"footnotes":""},"class_list":["post-4340","page","type-page","status-publish","hentry"],"yoast_head":"<!-- This site is optimized with the Yoast SEO plugin v25.8 - https:\/\/yoast.com\/wordpress\/plugins\/seo\/ -->\n<title>Les observatoires - Observatoire du Parc national de for\u00eats<\/title>\n<meta name=\"robots\" content=\"index, follow, max-snippet:-1, max-image-preview:large, max-video-preview:-1\" \/>\n<link rel=\"canonical\" href=\"https:\/\/observatoire.forets-parcnational.fr\/?page_id=4340\" \/>\n<meta property=\"og:locale\" content=\"fr_FR\" \/>\n<meta property=\"og:type\" content=\"article\" \/>\n<meta property=\"og:title\" content=\"Les observatoires - Observatoire du Parc national de for\u00eats\" \/>\n<meta property=\"og:description\" content=\"Les observatoires L&#8217;observatoire des for\u00eats &#8211; Cliquez ici pour y acc\u00e9derL&#8217;observatoire de l&#8217;eau &#8211; Cliquez ici pour y acc\u00e9der\" \/>\n<meta property=\"og:url\" content=\"https:\/\/observatoire.forets-parcnational.fr\/?page_id=4340\" \/>\n<meta property=\"og:site_name\" content=\"Observatoire du Parc national de for\u00eats\" \/>\n<meta property=\"article:modified_time\" content=\"2025-12-15T09:35:48+00:00\" \/>\n<meta name=\"twitter:card\" content=\"summary_large_image\" \/>\n<meta name=\"twitter:label1\" content=\"Dur\u00e9e de lecture estim\u00e9e\" \/>\n\t<meta name=\"twitter:data1\" content=\"1 minute\" \/>\n<script type=\"application\/ld+json\" class=\"yoast-schema-graph\">{\"@context\":\"https:\/\/schema.org\",\"@graph\":[{\"@type\":\"WebPage\",\"@id\":\"https:\/\/observatoire.forets-parcnational.fr\/?page_id=4340\",\"url\":\"https:\/\/observatoire.forets-parcnational.fr\/?page_id=4340\",\"name\":\"Les observatoires - Observatoire du Parc national de for\u00eats\",\"isPartOf\":{\"@id\":\"https:\/\/observatoire.forets-parcnational.fr\/#website\"},\"datePublished\":\"2025-12-15T09:26:07+00:00\",\"dateModified\":\"2025-12-15T09:35:48+00:00\",\"breadcrumb\":{\"@id\":\"https:\/\/observatoire.forets-parcnational.fr\/?page_id=4340#breadcrumb\"},\"inLanguage\":\"fr-FR\",\"potentialAction\":[{\"@type\":\"ReadAction\",\"target\":[\"https:\/\/observatoire.forets-parcnational.fr\/?page_id=4340\"]}]},{\"@type\":\"BreadcrumbList\",\"@id\":\"https:\/\/observatoire.forets-parcnational.fr\/?page_id=4340#breadcrumb\",\"itemListElement\":[{\"@type\":\"ListItem\",\"position\":1,\"name\":\"Accueil\",\"item\":\"https:\/\/observatoire.forets-parcnational.fr\/\"},{\"@type\":\"ListItem\",\"position\":2,\"name\":\"Les observatoires\"}]},{\"@type\":\"WebSite\",\"@id\":\"https:\/\/observatoire.forets-parcnational.fr\/#website\",\"url\":\"https:\/\/observatoire.forets-parcnational.fr\/\",\"name\":\"Observatoire du Parc national de for\u00eats\",\"description\":\"Observatoire du Parc national de for\u00eats\",\"publisher\":{\"@id\":\"https:\/\/observatoire.forets-parcnational.fr\/#organization\"},\"potentialAction\":[{\"@type\":\"SearchAction\",\"target\":{\"@type\":\"EntryPoint\",\"urlTemplate\":\"https:\/\/observatoire.forets-parcnational.fr\/?s={search_term_string}\"},\"query-input\":{\"@type\":\"PropertyValueSpecification\",\"valueRequired\":true,\"valueName\":\"search_term_string\"}}],\"inLanguage\":\"fr-FR\"},{\"@type\":\"Organization\",\"@id\":\"https:\/\/observatoire.forets-parcnational.fr\/#organization\",\"name\":\"Observatoire du Parc national de for\u00eats\",\"url\":\"https:\/\/observatoire.forets-parcnational.fr\/\",\"logo\":{\"@type\":\"ImageObject\",\"inLanguage\":\"fr-FR\",\"@id\":\"https:\/\/observatoire.forets-parcnational.fr\/#\/schema\/logo\/image\/\",\"url\":\"https:\/\/observatoire.forets-parcnational.fr\/wp-content\/uploads\/2025\/02\/logo_pnforets_simple.png\",\"contentUrl\":\"https:\/\/observatoire.forets-parcnational.fr\/wp-content\/uploads\/2025\/02\/logo_pnforets_simple.png\",\"width\":267,\"height\":172,\"caption\":\"Observatoire du Parc national de for\u00eats\"},\"image\":{\"@id\":\"https:\/\/observatoire.forets-parcnational.fr\/#\/schema\/logo\/image\/\"}}]}<\/script>\n<!-- \/ Yoast SEO plugin. -->","yoast_head_json":{"title":"Les observatoires - Observatoire du Parc national de for\u00eats","robots":{"index":"index","follow":"follow","max-snippet":"max-snippet:-1","max-image-preview":"max-image-preview:large","max-video-preview":"max-video-preview:-1"},"canonical":"https:\/\/observatoire.forets-parcnational.fr\/?page_id=4340","og_locale":"fr_FR","og_type":"article","og_title":"Les observatoires - Observatoire du Parc national de for\u00eats","og_description":"Les observatoires L&#8217;observatoire des for\u00eats &#8211; Cliquez ici pour y acc\u00e9derL&#8217;observatoire de l&#8217;eau &#8211; Cliquez ici pour y acc\u00e9der","og_url":"https:\/\/observatoire.forets-parcnational.fr\/?page_id=4340","og_site_name":"Observatoire du Parc national de for\u00eats","article_modified_time":"2025-12-15T09:35:48+00:00","twitter_card":"summary_large_image","twitter_misc":{"Dur\u00e9e de lecture estim\u00e9e":"1 minute"},"schema":{"@context":"https:\/\/schema.org","@graph":[{"@type":"WebPage","@id":"https:\/\/observatoire.forets-parcnational.fr\/?page_id=4340","url":"https:\/\/observatoire.forets-parcnational.fr\/?page_id=4340","name":"Les observatoires - Observatoire du Parc national de for\u00eats","isPartOf":{"@id":"https:\/\/observatoire.forets-parcnational.fr\/#website"},"datePublished":"2025-12-15T09:26:07+00:00","dateModified":"2025-12-15T09:35:48+00:00","breadcrumb":{"@id":"https:\/\/observatoire.forets-parcnational.fr\/?page_id=4340#breadcrumb"},"inLanguage":"fr-FR","potentialAction":[{"@type":"ReadAction","target":["https:\/\/observatoire.forets-parcnational.fr\/?page_id=4340"]}]},{"@type":"BreadcrumbList","@id":"https:\/\/observatoire.forets-parcnational.fr\/?page_id=4340#breadcrumb","itemListElement":[{"@type":"ListItem","position":1,"name":"Accueil","item":"https:\/\/observatoire.forets-parcnational.fr\/"},{"@type":"ListItem","position":2,"name":"Les observatoires"}]},{"@type":"WebSite","@id":"https:\/\/observatoire.forets-parcnational.fr\/#website","url":"https:\/\/observatoire.forets-parcnational.fr\/","name":"Observatoire du Parc national de for\u00eats","description":"Observatoire du Parc national de for\u00eats","publisher":{"@id":"https:\/\/observatoire.forets-parcnational.fr\/#organization"},"potentialAction":[{"@type":"SearchAction","target":{"@type":"EntryPoint","urlTemplate":"https:\/\/observatoire.forets-parcnational.fr\/?s={search_term_string}"},"query-input":{"@type":"PropertyValueSpecification","valueRequired":true,"valueName":"search_term_string"}}],"inLanguage":"fr-FR"},{"@type":"Organization","@id":"https:\/\/observatoire.forets-parcnational.fr\/#organization","name":"Observatoire du Parc national de for\u00eats","url":"https:\/\/observatoire.forets-parcnational.fr\/","logo":{"@type":"ImageObject","inLanguage":"fr-FR","@id":"https:\/\/observatoire.forets-parcnational.fr\/#\/schema\/logo\/image\/","url":"https:\/\/observatoire.forets-parcnational.fr\/wp-content\/uploads\/2025\/02\/logo_pnforets_simple.png","contentUrl":"https:\/\/observatoire.forets-parcnational.fr\/wp-content\/uploads\/2025\/02\/logo_pnforets_simple.png","width":267,"height":172,"caption":"Observatoire du Parc national de for\u00eats"},"image":{"@id":"https:\/\/observatoire.forets-parcnational.fr\/#\/schema\/logo\/image\/"}}]}},"_links":{"self":[{"href":"https:\/\/observatoire.forets-parcnational.fr\/index.php?rest_route=\/wp\/v2\/pages\/4340","targetHints":{"allow":["GET"]}}],"collection":[{"href":"https:\/\/observatoire.forets-parcnational.fr\/index.php?rest_route=\/wp\/v2\/pages"}],"about":[{"href":"https:\/\/observatoire.forets-parcnational.fr\/index.php?rest_route=\/wp\/v2\/types\/page"}],"author":[{"embeddable":true,"href":"https:\/\/observatoire.forets-parcnational.fr\/index.php?rest_route=\/wp\/v2\/users\/1"}],"replies":[{"embeddable":true,"href":"https:\/\/observatoire.forets-parcnational.fr\/index.php?rest_route=%2Fwp%2Fv2%2Fcomments&post=4340"}],"version-history":[{"count":4,"href":"https:\/\/observatoire.forets-parcnational.fr\/index.php?rest_route=\/wp\/v2\/pages\/4340\/revisions"}],"predecessor-version":[{"id":4349,"href":"https:\/\/observatoire.forets-parcnational.fr\/index.php?rest_route=\/wp\/v2\/pages\/4340\/revisions\/4349"}],"wp:attachment":[{"href":"https:\/\/observatoire.forets-parcnational.fr\/index.php?rest_route=%2Fwp%2Fv2%2Fmedia&parent=4340"}],"curies":[{"name":"wp","href":"https:\/\/api.w.org\/{rel}","templated":true}]}}