{"id":369,"date":"2020-11-18T11:00:26","date_gmt":"2020-11-18T11:00:26","guid":{"rendered":"https:\/\/demosites.io\/nonprofit-gb\/?page_id=369"},"modified":"2025-08-06T13:28:42","modified_gmt":"2025-08-06T13:28:42","slug":"7ca6c-contact","status":"publish","type":"page","link":"https:\/\/observatoire.forets-parcnational.fr\/?page_id=369","title":{"rendered":"Contact"},"content":{"rendered":"\n<div class=\"wp-block-cover alignfull\" style=\"min-height:360px;aspect-ratio:unset;\"><img fetchpriority=\"high\" decoding=\"async\" width=\"1687\" height=\"327\" class=\"wp-block-cover__image-background wp-image-605\" alt=\"\" src=\"https:\/\/observatoire.forets-parcnational.fr\/wp-content\/uploads\/2025\/02\/ban2-1.jpg\" data-object-fit=\"cover\" srcset=\"https:\/\/observatoire.forets-parcnational.fr\/wp-content\/uploads\/2025\/02\/ban2-1.jpg 1687w, https:\/\/observatoire.forets-parcnational.fr\/wp-content\/uploads\/2025\/02\/ban2-1-300x58.jpg 300w, https:\/\/observatoire.forets-parcnational.fr\/wp-content\/uploads\/2025\/02\/ban2-1-1024x198.jpg 1024w, https:\/\/observatoire.forets-parcnational.fr\/wp-content\/uploads\/2025\/02\/ban2-1-768x149.jpg 768w, https:\/\/observatoire.forets-parcnational.fr\/wp-content\/uploads\/2025\/02\/ban2-1-1536x298.jpg 1536w\" sizes=\"(max-width: 1687px) 100vw, 1687px\" \/><span aria-hidden=\"true\" class=\"wp-block-cover__background has-neve-link-color-background-color has-background-dim\"><\/span><div class=\"wp-block-cover__inner-container is-layout-flow wp-block-cover-is-layout-flow\">\n<div class=\"wp-block-group\"><div class=\"wp-block-group__inner-container is-layout-flow wp-block-group-is-layout-flow\">\n<h1 class=\"wp-block-heading has-text-align-center has-white-color has-text-color\">Contact<\/h1>\n<\/div><\/div>\n<\/div><\/div>\n\n\n\n<div style=\"height:40px\" aria-hidden=\"true\" class=\"wp-block-spacer\"><\/div>\n\n\n\n<h2 class=\"wp-block-heading has-text-align-center\">Parc national de for\u00eats<\/h2>\n\n\n<div class=\"wp-block-image\">\n<figure class=\"aligncenter size-full\"><img decoding=\"async\" width=\"238\" height=\"243\" src=\"https:\/\/observatoire.forets-parcnational.fr\/wp-content\/uploads\/2025\/02\/localisation_gipfcb_0.jpg\" alt=\"\" class=\"wp-image-642\"\/><\/figure>\n<\/div>\n\n\n<div class=\"wp-block-columns is-layout-flex wp-container-core-columns-is-layout-9d6595d7 wp-block-columns-is-layout-flex\">\n<div class=\"wp-block-column is-vertically-aligned-center is-layout-flow wp-block-column-is-layout-flow\"><div class=\"wp-block-image\">\n<figure class=\"aligncenter size-large is-resized\"><img decoding=\"async\" width=\"196\" height=\"260\" src=\"https:\/\/observatoire.forets-parcnational.fr\/wp-content\/uploads\/2020\/11\/location.png\" alt=\"\" class=\"wp-image-431\" style=\"width:49px;height:65px\"\/><\/figure>\n<\/div>\n\n\n<div style=\"height:16px\" aria-hidden=\"true\" class=\"wp-block-spacer\"><\/div>\n\n\n\n<h3 class=\"wp-block-heading has-text-align-center has-neve-text-color-color has-text-color\">Adresse<\/h3>\n\n\n\n<p class=\"has-text-align-center has-neve-text-color-color has-text-color\">Parc national de for\u00eats<br>20 rue Anatole Gabeur<br>52 210 Arc en Barrois<\/p>\n<\/div>\n\n\n\n<div class=\"wp-block-column is-layout-flow wp-block-column-is-layout-flow\"><div class=\"wp-block-image\">\n<figure class=\"aligncenter size-large is-resized\"><img loading=\"lazy\" decoding=\"async\" width=\"250\" height=\"250\" src=\"https:\/\/observatoire.forets-parcnational.fr\/wp-content\/uploads\/2020\/11\/phone.png\" alt=\"\" class=\"wp-image-432\" style=\"width:63px;height:63px\" srcset=\"https:\/\/observatoire.forets-parcnational.fr\/wp-content\/uploads\/2020\/11\/phone.png 250w, https:\/\/observatoire.forets-parcnational.fr\/wp-content\/uploads\/2020\/11\/phone-150x150.png 150w\" sizes=\"(max-width: 250px) 100vw, 250px\" \/><\/figure>\n<\/div>\n\n\n<div style=\"height:16px\" aria-hidden=\"true\" class=\"wp-block-spacer\"><\/div>\n\n\n\n<h3 class=\"wp-block-heading has-text-align-center has-neve-text-color-color has-text-color\">T\u00e9l\u00e9phone<\/h3>\n\n\n\n<p class=\"has-text-align-center has-neve-text-color-color has-text-color\">03 25 31 62 35<\/p>\n<\/div>\n\n\n\n<div class=\"wp-block-column is-layout-flow wp-block-column-is-layout-flow\"><div class=\"wp-block-image\">\n<figure class=\"aligncenter size-large is-resized\"><img loading=\"lazy\" decoding=\"async\" width=\"260\" height=\"260\" src=\"https:\/\/observatoire.forets-parcnational.fr\/wp-content\/uploads\/2020\/11\/email.png\" alt=\"\" class=\"wp-image-430\" style=\"width:65px;height:65px\" srcset=\"https:\/\/observatoire.forets-parcnational.fr\/wp-content\/uploads\/2020\/11\/email.png 260w, https:\/\/observatoire.forets-parcnational.fr\/wp-content\/uploads\/2020\/11\/email-150x150.png 150w\" sizes=\"(max-width: 260px) 100vw, 260px\" \/><\/figure>\n<\/div>\n\n\n<div style=\"height:16px\" aria-hidden=\"true\" class=\"wp-block-spacer\"><\/div>\n\n\n\n<h3 class=\"wp-block-heading has-text-align-center has-neve-text-color-color has-text-color\">Courriel<\/h3>\n\n\n\n<p class=\"has-text-align-center has-neve-text-color-color has-text-color\">contact@forets-parcnational.fr<\/p>\n<\/div>\n<\/div>\n\n\n\n<div style=\"height:40px\" aria-hidden=\"true\" class=\"wp-block-spacer\"><\/div>\n\n\n\n<p class=\"has-text-align-center\"><strong>Nos techniciens r\u00e9f\u00e9rents sur les observatoires<\/strong> :<\/p>\n\n\n\n<h3 class=\"wp-block-heading\">Observatoire de la for\u00eat<\/h3>\n\n\n\n<p><strong>Responsable du centre d\u2019\u00e9tudes et de ressources sur la for\u00eat<\/strong><br>H\u00e9l\u00e8ne LE BORGNE &#8211; helene.leborgne@forets-parcnational.fr &#8211; 06 27 19 57 80<\/p>\n\n\n\n<h3 class=\"wp-block-heading\">Observatoire de l&#8217;eau<\/h3>\n\n\n\n<p><strong>Charg\u00e9e de mission eau et milieux aquatiques<\/strong><br>Claudine LECURET &#8211; claudine.lecuret@forets-parcnational.fr &#8211; 06 23 23 48 49<\/p>\n\n\n\n<h3 class=\"wp-block-heading\">Observatoire cyn\u00e9g\u00e9tique<\/h3>\n\n\n\n<p><strong>Responsable chasse et r\u00e9gulation<\/strong><br>Pauline CORPET &#8211; pauline.corpet@forets-parcnational.fr &#8211;&nbsp;06 74 03 61 35<\/p>\n","protected":false},"excerpt":{"rendered":"<p>Parc national de for\u00eats Adresse Parc national de for\u00eats20 rue Anatole Gabeur52 210 Arc en Barrois T\u00e9l\u00e9phone 03 25 31 62 35 Courriel contact@forets-parcnational.fr Nos techniciens r\u00e9f\u00e9rents sur les observatoires : Observatoire de la for\u00eat Responsable du centre d\u2019\u00e9tudes et de ressources sur la for\u00eatH\u00e9l\u00e8ne LE BORGNE &#8211; helene.leborgne@forets-parcnational.fr &#8211; 06 27 19 57 80 Observatoire de l&#8217;eau Charg\u00e9e de mission eau et milieux aquatiquesClaudine LECURET &#8211; claudine.lecuret@forets-parcnational.fr &#8211; 06 23 23 48 49 Observatoire cyn\u00e9g\u00e9tique Responsable chasse et r\u00e9gulationPauline CORPET &#8211; pauline.corpet@forets-parcnational.fr &#8211;&nbsp;06 74 03 61 35<\/p>\n","protected":false},"author":1,"featured_media":0,"parent":0,"menu_order":0,"comment_status":"closed","ping_status":"closed","template":"","meta":{"neve_meta_sidebar":"full-width","neve_meta_container":"","neve_meta_enable_content_width":"on","neve_meta_content_width":100,"neve_meta_title_alignment":"","neve_meta_author_avatar":"","neve_post_elements_order":"","neve_meta_disable_header":"","neve_meta_disable_footer":"off","neve_meta_disable_title":"on","_themeisle_gutenberg_block_has_review":false,"footnotes":""},"class_list":["post-369","page","type-page","status-publish","hentry"],"yoast_head":"<!-- This site is optimized with the Yoast SEO plugin v25.8 - https:\/\/yoast.com\/wordpress\/plugins\/seo\/ -->\n<title>Contact - Observatoire du Parc national de for\u00eats<\/title>\n<meta name=\"robots\" content=\"index, follow, max-snippet:-1, max-image-preview:large, max-video-preview:-1\" \/>\n<link rel=\"canonical\" href=\"https:\/\/observatoire.forets-parcnational.fr\/?page_id=369\" \/>\n<meta property=\"og:locale\" content=\"fr_FR\" \/>\n<meta property=\"og:type\" content=\"article\" \/>\n<meta property=\"og:title\" content=\"Contact - Observatoire du Parc national de for\u00eats\" \/>\n<meta property=\"og:description\" content=\"Parc national de for\u00eats Adresse Parc national de for\u00eats20 rue Anatole Gabeur52 210 Arc en Barrois T\u00e9l\u00e9phone 03 25 31 62 35 Courriel contact@forets-parcnational.fr Nos techniciens r\u00e9f\u00e9rents sur les observatoires : Observatoire de la for\u00eat Responsable du centre d\u2019\u00e9tudes et de ressources sur la for\u00eatH\u00e9l\u00e8ne LE BORGNE &#8211; helene.leborgne@forets-parcnational.fr &#8211; 06 27 19 57 80 Observatoire de l&#8217;eau Charg\u00e9e de mission eau et milieux aquatiquesClaudine LECURET &#8211; claudine.lecuret@forets-parcnational.fr &#8211; 06 23 23 48 49 Observatoire cyn\u00e9g\u00e9tique Responsable chasse et r\u00e9gulationPauline CORPET &#8211; pauline.corpet@forets-parcnational.fr &#8211;&nbsp;06 74 03 61 35\" \/>\n<meta property=\"og:url\" content=\"https:\/\/observatoire.forets-parcnational.fr\/?page_id=369\" \/>\n<meta property=\"og:site_name\" content=\"Observatoire du Parc national de for\u00eats\" \/>\n<meta property=\"article:modified_time\" content=\"2025-08-06T13:28:42+00:00\" \/>\n<meta property=\"og:image\" content=\"https:\/\/observatoire.forets-parcnational.fr\/wp-content\/uploads\/2025\/02\/ban2-1.jpg\" \/>\n\t<meta property=\"og:image:width\" content=\"1687\" \/>\n\t<meta property=\"og:image:height\" content=\"327\" \/>\n\t<meta property=\"og:image:type\" content=\"image\/jpeg\" \/>\n<meta name=\"twitter:card\" content=\"summary_large_image\" \/>\n<meta name=\"twitter:label1\" content=\"Dur\u00e9e de lecture estim\u00e9e\" \/>\n\t<meta name=\"twitter:data1\" content=\"2 minutes\" \/>\n<script type=\"application\/ld+json\" class=\"yoast-schema-graph\">{\"@context\":\"https:\/\/schema.org\",\"@graph\":[{\"@type\":\"WebPage\",\"@id\":\"https:\/\/observatoire.forets-parcnational.fr\/?page_id=369\",\"url\":\"https:\/\/observatoire.forets-parcnational.fr\/?page_id=369\",\"name\":\"Contact - Observatoire du Parc national de for\u00eats\",\"isPartOf\":{\"@id\":\"https:\/\/observatoire.forets-parcnational.fr\/#website\"},\"primaryImageOfPage\":{\"@id\":\"https:\/\/observatoire.forets-parcnational.fr\/?page_id=369#primaryimage\"},\"image\":{\"@id\":\"https:\/\/observatoire.forets-parcnational.fr\/?page_id=369#primaryimage\"},\"thumbnailUrl\":\"https:\/\/observatoire.forets-parcnational.fr\/wp-content\/uploads\/2025\/02\/ban2-1.jpg\",\"datePublished\":\"2020-11-18T11:00:26+00:00\",\"dateModified\":\"2025-08-06T13:28:42+00:00\",\"breadcrumb\":{\"@id\":\"https:\/\/observatoire.forets-parcnational.fr\/?page_id=369#breadcrumb\"},\"inLanguage\":\"fr-FR\",\"potentialAction\":[{\"@type\":\"ReadAction\",\"target\":[\"https:\/\/observatoire.forets-parcnational.fr\/?page_id=369\"]}]},{\"@type\":\"ImageObject\",\"inLanguage\":\"fr-FR\",\"@id\":\"https:\/\/observatoire.forets-parcnational.fr\/?page_id=369#primaryimage\",\"url\":\"https:\/\/observatoire.forets-parcnational.fr\/wp-content\/uploads\/2025\/02\/ban2-1.jpg\",\"contentUrl\":\"https:\/\/observatoire.forets-parcnational.fr\/wp-content\/uploads\/2025\/02\/ban2-1.jpg\",\"width\":1687,\"height\":327},{\"@type\":\"BreadcrumbList\",\"@id\":\"https:\/\/observatoire.forets-parcnational.fr\/?page_id=369#breadcrumb\",\"itemListElement\":[{\"@type\":\"ListItem\",\"position\":1,\"name\":\"Accueil\",\"item\":\"https:\/\/observatoire.forets-parcnational.fr\/\"},{\"@type\":\"ListItem\",\"position\":2,\"name\":\"Contact\"}]},{\"@type\":\"WebSite\",\"@id\":\"https:\/\/observatoire.forets-parcnational.fr\/#website\",\"url\":\"https:\/\/observatoire.forets-parcnational.fr\/\",\"name\":\"Observatoire du Parc national de for\u00eats\",\"description\":\"Observatoire du Parc national de for\u00eats\",\"publisher\":{\"@id\":\"https:\/\/observatoire.forets-parcnational.fr\/#organization\"},\"potentialAction\":[{\"@type\":\"SearchAction\",\"target\":{\"@type\":\"EntryPoint\",\"urlTemplate\":\"https:\/\/observatoire.forets-parcnational.fr\/?s={search_term_string}\"},\"query-input\":{\"@type\":\"PropertyValueSpecification\",\"valueRequired\":true,\"valueName\":\"search_term_string\"}}],\"inLanguage\":\"fr-FR\"},{\"@type\":\"Organization\",\"@id\":\"https:\/\/observatoire.forets-parcnational.fr\/#organization\",\"name\":\"Observatoire du Parc national de for\u00eats\",\"url\":\"https:\/\/observatoire.forets-parcnational.fr\/\",\"logo\":{\"@type\":\"ImageObject\",\"inLanguage\":\"fr-FR\",\"@id\":\"https:\/\/observatoire.forets-parcnational.fr\/#\/schema\/logo\/image\/\",\"url\":\"https:\/\/observatoire.forets-parcnational.fr\/wp-content\/uploads\/2025\/02\/logo_pnforets_simple.png\",\"contentUrl\":\"https:\/\/observatoire.forets-parcnational.fr\/wp-content\/uploads\/2025\/02\/logo_pnforets_simple.png\",\"width\":267,\"height\":172,\"caption\":\"Observatoire du Parc national de for\u00eats\"},\"image\":{\"@id\":\"https:\/\/observatoire.forets-parcnational.fr\/#\/schema\/logo\/image\/\"}}]}<\/script>\n<!-- \/ Yoast SEO plugin. -->","yoast_head_json":{"title":"Contact - Observatoire du Parc national de for\u00eats","robots":{"index":"index","follow":"follow","max-snippet":"max-snippet:-1","max-image-preview":"max-image-preview:large","max-video-preview":"max-video-preview:-1"},"canonical":"https:\/\/observatoire.forets-parcnational.fr\/?page_id=369","og_locale":"fr_FR","og_type":"article","og_title":"Contact - Observatoire du Parc national de for\u00eats","og_description":"Parc national de for\u00eats Adresse Parc national de for\u00eats20 rue Anatole Gabeur52 210 Arc en Barrois T\u00e9l\u00e9phone 03 25 31 62 35 Courriel contact@forets-parcnational.fr Nos techniciens r\u00e9f\u00e9rents sur les observatoires : Observatoire de la for\u00eat Responsable du centre d\u2019\u00e9tudes et de ressources sur la for\u00eatH\u00e9l\u00e8ne LE BORGNE &#8211; helene.leborgne@forets-parcnational.fr &#8211; 06 27 19 57 80 Observatoire de l&#8217;eau Charg\u00e9e de mission eau et milieux aquatiquesClaudine LECURET &#8211; claudine.lecuret@forets-parcnational.fr &#8211; 06 23 23 48 49 Observatoire cyn\u00e9g\u00e9tique Responsable chasse et r\u00e9gulationPauline CORPET &#8211; pauline.corpet@forets-parcnational.fr &#8211;&nbsp;06 74 03 61 35","og_url":"https:\/\/observatoire.forets-parcnational.fr\/?page_id=369","og_site_name":"Observatoire du Parc national de for\u00eats","article_modified_time":"2025-08-06T13:28:42+00:00","og_image":[{"width":1687,"height":327,"url":"https:\/\/observatoire.forets-parcnational.fr\/wp-content\/uploads\/2025\/02\/ban2-1.jpg","type":"image\/jpeg"}],"twitter_card":"summary_large_image","twitter_misc":{"Dur\u00e9e de lecture estim\u00e9e":"2 minutes"},"schema":{"@context":"https:\/\/schema.org","@graph":[{"@type":"WebPage","@id":"https:\/\/observatoire.forets-parcnational.fr\/?page_id=369","url":"https:\/\/observatoire.forets-parcnational.fr\/?page_id=369","name":"Contact - Observatoire du Parc national de for\u00eats","isPartOf":{"@id":"https:\/\/observatoire.forets-parcnational.fr\/#website"},"primaryImageOfPage":{"@id":"https:\/\/observatoire.forets-parcnational.fr\/?page_id=369#primaryimage"},"image":{"@id":"https:\/\/observatoire.forets-parcnational.fr\/?page_id=369#primaryimage"},"thumbnailUrl":"https:\/\/observatoire.forets-parcnational.fr\/wp-content\/uploads\/2025\/02\/ban2-1.jpg","datePublished":"2020-11-18T11:00:26+00:00","dateModified":"2025-08-06T13:28:42+00:00","breadcrumb":{"@id":"https:\/\/observatoire.forets-parcnational.fr\/?page_id=369#breadcrumb"},"inLanguage":"fr-FR","potentialAction":[{"@type":"ReadAction","target":["https:\/\/observatoire.forets-parcnational.fr\/?page_id=369"]}]},{"@type":"ImageObject","inLanguage":"fr-FR","@id":"https:\/\/observatoire.forets-parcnational.fr\/?page_id=369#primaryimage","url":"https:\/\/observatoire.forets-parcnational.fr\/wp-content\/uploads\/2025\/02\/ban2-1.jpg","contentUrl":"https:\/\/observatoire.forets-parcnational.fr\/wp-content\/uploads\/2025\/02\/ban2-1.jpg","width":1687,"height":327},{"@type":"BreadcrumbList","@id":"https:\/\/observatoire.forets-parcnational.fr\/?page_id=369#breadcrumb","itemListElement":[{"@type":"ListItem","position":1,"name":"Accueil","item":"https:\/\/observatoire.forets-parcnational.fr\/"},{"@type":"ListItem","position":2,"name":"Contact"}]},{"@type":"WebSite","@id":"https:\/\/observatoire.forets-parcnational.fr\/#website","url":"https:\/\/observatoire.forets-parcnational.fr\/","name":"Observatoire du Parc national de for\u00eats","description":"Observatoire du Parc national de for\u00eats","publisher":{"@id":"https:\/\/observatoire.forets-parcnational.fr\/#organization"},"potentialAction":[{"@type":"SearchAction","target":{"@type":"EntryPoint","urlTemplate":"https:\/\/observatoire.forets-parcnational.fr\/?s={search_term_string}"},"query-input":{"@type":"PropertyValueSpecification","valueRequired":true,"valueName":"search_term_string"}}],"inLanguage":"fr-FR"},{"@type":"Organization","@id":"https:\/\/observatoire.forets-parcnational.fr\/#organization","name":"Observatoire du Parc national de for\u00eats","url":"https:\/\/observatoire.forets-parcnational.fr\/","logo":{"@type":"ImageObject","inLanguage":"fr-FR","@id":"https:\/\/observatoire.forets-parcnational.fr\/#\/schema\/logo\/image\/","url":"https:\/\/observatoire.forets-parcnational.fr\/wp-content\/uploads\/2025\/02\/logo_pnforets_simple.png","contentUrl":"https:\/\/observatoire.forets-parcnational.fr\/wp-content\/uploads\/2025\/02\/logo_pnforets_simple.png","width":267,"height":172,"caption":"Observatoire du Parc national de for\u00eats"},"image":{"@id":"https:\/\/observatoire.forets-parcnational.fr\/#\/schema\/logo\/image\/"}}]}},"_links":{"self":[{"href":"https:\/\/observatoire.forets-parcnational.fr\/index.php?rest_route=\/wp\/v2\/pages\/369","targetHints":{"allow":["GET"]}}],"collection":[{"href":"https:\/\/observatoire.forets-parcnational.fr\/index.php?rest_route=\/wp\/v2\/pages"}],"about":[{"href":"https:\/\/observatoire.forets-parcnational.fr\/index.php?rest_route=\/wp\/v2\/types\/page"}],"author":[{"embeddable":true,"href":"https:\/\/observatoire.forets-parcnational.fr\/index.php?rest_route=\/wp\/v2\/users\/1"}],"replies":[{"embeddable":true,"href":"https:\/\/observatoire.forets-parcnational.fr\/index.php?rest_route=%2Fwp%2Fv2%2Fcomments&post=369"}],"version-history":[{"count":9,"href":"https:\/\/observatoire.forets-parcnational.fr\/index.php?rest_route=\/wp\/v2\/pages\/369\/revisions"}],"predecessor-version":[{"id":2590,"href":"https:\/\/observatoire.forets-parcnational.fr\/index.php?rest_route=\/wp\/v2\/pages\/369\/revisions\/2590"}],"wp:attachment":[{"href":"https:\/\/observatoire.forets-parcnational.fr\/index.php?rest_route=%2Fwp%2Fv2%2Fmedia&parent=369"}],"curies":[{"name":"wp","href":"https:\/\/api.w.org\/{rel}","templated":true}]}}