{"id":311,"date":"2020-11-10T18:14:35","date_gmt":"2020-11-10T18:14:35","guid":{"rendered":"https:\/\/demosites.io\/nonprofit-gb\/?page_id=311"},"modified":"2026-01-06T08:09:17","modified_gmt":"2026-01-06T08:09:17","slug":"7ca6c-home","status":"publish","type":"page","link":"https:\/\/observatoire.forets-parcnational.fr\/","title":{"rendered":"Accueil"},"content":{"rendered":"\n<div style=\"height:40px\" aria-hidden=\"true\" class=\"wp-block-spacer\"><\/div>\n\n\n\n<div class=\"wp-block-cover alignfull\" style=\"min-height:693px;aspect-ratio:unset;\"><img fetchpriority=\"high\" decoding=\"async\" width=\"1417\" height=\"999\" class=\"wp-block-cover__image-background wp-image-847\" alt=\"(C) Benjamin PAWLICA\" src=\"https:\/\/observatoire.forets-parcnational.fr\/wp-content\/uploads\/2025\/03\/Parc-national-de-forets-C-Benjamin-PAWLICA2.jpg\" style=\"object-position:1% 87%\" data-object-fit=\"cover\" data-object-position=\"1% 87%\" srcset=\"https:\/\/observatoire.forets-parcnational.fr\/wp-content\/uploads\/2025\/03\/Parc-national-de-forets-C-Benjamin-PAWLICA2.jpg 1417w, https:\/\/observatoire.forets-parcnational.fr\/wp-content\/uploads\/2025\/03\/Parc-national-de-forets-C-Benjamin-PAWLICA2-300x212.jpg 300w, https:\/\/observatoire.forets-parcnational.fr\/wp-content\/uploads\/2025\/03\/Parc-national-de-forets-C-Benjamin-PAWLICA2-1024x722.jpg 1024w, https:\/\/observatoire.forets-parcnational.fr\/wp-content\/uploads\/2025\/03\/Parc-national-de-forets-C-Benjamin-PAWLICA2-768x541.jpg 768w\" sizes=\"(max-width: 1417px) 100vw, 1417px\" \/><span aria-hidden=\"true\" class=\"wp-block-cover__background has-neve-link-color-background-color has-background-dim-20 has-background-dim\"><\/span><div class=\"wp-block-cover__inner-container is-layout-flow wp-block-cover-is-layout-flow\">\n<div class=\"wp-block-group\"><div class=\"wp-block-group__inner-container is-layout-flow wp-block-group-is-layout-flow\">\n<h2 class=\"wp-block-heading has-text-align-center has-white-color has-text-color\">Bienvenue sur l&#8217;observatoire<br>du Parc national de for\u00eats<\/h2>\n\n\n\n<p class=\"has-text-align-center has-white-color has-text-color\" style=\"font-size:18px\">L\u2019Observatoire du Parc national de for\u00eats met \u00e0 disposition du public des donn\u00e9es et informations chiffr\u00e9es relatives au Parc national. Il a pour objectif d\u2019informer sur les \u00e9volutions du territoire dans ses diff\u00e9rentes composantes : <br>for\u00eats, eau, faune, flore, activit\u00e9s socio-\u00e9conomiques, etc.<br><br>Les informations sont organis\u00e9es par th\u00e9matique, pr\u00e9sentant pour chacune d\u2019elles <br>des chiffres, des indicateurs, des r\u00e9f\u00e9rences.<br><br>Pour l\u2019heure, deux observatoires sont disponibles : l&#8217;observatoire des for\u00eats et celui de l\u2019eau. Les autres observatoires pr\u00e9vus par la charte du Parc national de for\u00eats feront progressivement leur apparition. L\u2019ensemble du site b\u00e9n\u00e9ficiera de mises \u00e0 jour r\u00e9guli\u00e8res et fera l\u2019objet d\u2019enrichissements et d\u2019am\u00e9liorations continues.<\/p>\n\n\n\n<div class=\"wp-block-buttons is-horizontal is-content-justification-center is-layout-flex wp-container-core-buttons-is-layout-499968f5 wp-block-buttons-is-layout-flex\">\n<div class=\"wp-block-button is-style-primary\"><a class=\"wp-block-button__link wp-element-button\" href=\"https:\/\/observatoire.forets-parcnational.fr\/?page_id=4340\">Consulter les observatoires<\/a><\/div>\n<\/div>\n<\/div><\/div>\n\n\n\n<p><\/p>\n<\/div><\/div>\n\n\n\n<div style=\"height:40px\" aria-hidden=\"true\" class=\"wp-block-spacer\"><\/div>\n\n\n\n<div class=\"wp-block-group\"><div class=\"wp-block-group__inner-container is-layout-flow wp-block-group-is-layout-flow\">\n<div class=\"wp-block-columns are-vertically-aligned-center is-layout-flex wp-container-core-columns-is-layout-9d6595d7 wp-block-columns-is-layout-flex\">\n<div class=\"wp-block-column is-vertically-aligned-center is-layout-flow wp-block-column-is-layout-flow\">\n<h3 class=\"wp-block-heading has-text-align-left\">Les observatoires <br>du Parc national de for\u00eats<\/h3>\n\n\n\n<p>La charte du Parc national de for\u00eats, adopt\u00e9e par le d\u00e9cret du&nbsp;6 novembre 2019&nbsp;pour une p\u00e9riode de 15 ans, pr\u00e9voit la constitution de plusieurs observatoires th\u00e9matiques : observatoire des for\u00eats, observatoire de la fili\u00e8re bois, observatoire de l&#8217;eau, observatoire cyn\u00e9g\u00e9tique, observatoire \u00e9conomique, observatoire du foncier, observatoire du paysage, observatoire de la nature.<\/p>\n\n\n\n<p>La vocation de ces observatoires est de disposer d&#8217;un suivi des dynamiques \u00e0 l&#8217;\u0153uvre sur le territoire et ses diff\u00e9rentes composantes. C&#8217;est aussi un moyen de regrouper au m\u00eame endroit&nbsp;des informations chiffr\u00e9es sur le Parc national de for\u00eats et disponibles \u00e0&nbsp;tous publics.&nbsp;<\/p>\n<\/div>\n\n\n\n<div class=\"wp-block-column is-vertically-aligned-center is-layout-flow wp-block-column-is-layout-flow\">\n<div id=\"wp-block-themeisle-blocks-slider-11235e31\" class=\"wp-block-themeisle-blocks-slider glide\" data-per-view=\"1\" data-gap=\"0\" data-peek=\"0\" data-autoplay=\"true\" data-height=\"400px\" data-hide-arrows=\"false\"><div class=\"glide__track\" data-glide-el=\"track\"><div class=\"glide__slides\"><div class=\"wp-block-themeisle-blocks-slider-item-wrapper glide__slide\" tabindex=\"0\"><figure><img decoding=\"async\" class=\"wp-block-themeisle-blocks-slider-item\" src=\"https:\/\/observatoire.forets-parcnational.fr\/wp-content\/uploads\/2025\/03\/Sanglier-@-Maison-de-la-Foret_1.jpg\" alt=\"\" title=\"\" data-id=\"846\"\/><figcaption>\u00a9 Maison de la For\u00eat<\/figcaption><\/figure><\/div><div class=\"wp-block-themeisle-blocks-slider-item-wrapper glide__slide\" tabindex=\"0\"><figure><img decoding=\"async\" class=\"wp-block-themeisle-blocks-slider-item\" src=\"https:\/\/observatoire.forets-parcnational.fr\/wp-content\/uploads\/2025\/03\/Saint-Loup-sur-Aujon-59-\u00a9-Rozenn-KREBEL_1.jpg\" alt=\"\" title=\"\" data-id=\"845\"\/><figcaption>\u00a9 Rozenn KREBEL<\/figcaption><\/figure><\/div><div class=\"wp-block-themeisle-blocks-slider-item-wrapper glide__slide\" tabindex=\"0\"><figure><img decoding=\"async\" class=\"wp-block-themeisle-blocks-slider-item\" src=\"https:\/\/observatoire.forets-parcnational.fr\/wp-content\/uploads\/2025\/03\/Parc-national-de-forets-C-Xavier-Massotte_1.jpg\" alt=\"\" title=\"\" data-id=\"844\"\/><figcaption>\u00a9 Xavier Massotte<\/figcaption><\/figure><\/div><div class=\"wp-block-themeisle-blocks-slider-item-wrapper glide__slide\" tabindex=\"0\"><figure><img decoding=\"async\" class=\"wp-block-themeisle-blocks-slider-item\" src=\"https:\/\/observatoire.forets-parcnational.fr\/wp-content\/uploads\/2025\/03\/Le-Chene-Bourguignon-C-CELINE-LECOMTE-scaled.jpg\" alt=\"\" title=\"\" data-id=\"842\"\/><figcaption>\u00a9 Celine Lecomte<\/figcaption><\/figure><\/div><\/div><div class=\"glide__bullets\" data-glide-el=\"controls[nav]\"><button class=\"glide__bullet\" data-glide-dir=\"=0\"><\/button><button class=\"glide__bullet\" data-glide-dir=\"=1\"><\/button><button class=\"glide__bullet\" data-glide-dir=\"=2\"><\/button><button class=\"glide__bullet\" data-glide-dir=\"=3\"><\/button><\/div><\/div><\/div>\n<\/div>\n<\/div>\n<\/div><\/div>\n\n\n\n<p><\/p>\n","protected":false},"excerpt":{"rendered":"<p>Les observatoires du Parc national de for\u00eats La charte du Parc national de for\u00eats, adopt\u00e9e par le d\u00e9cret du&nbsp;6 novembre 2019&nbsp;pour une p\u00e9riode de 15 ans, pr\u00e9voit la constitution de plusieurs observatoires th\u00e9matiques : observatoire des for\u00eats, observatoire de la fili\u00e8re bois, observatoire de l&#8217;eau, observatoire cyn\u00e9g\u00e9tique, observatoire \u00e9conomique, observatoire du foncier, observatoire du paysage, observatoire de la nature. La vocation de ces observatoires est de disposer d&#8217;un suivi des dynamiques \u00e0 l&#8217;\u0153uvre sur le territoire et ses diff\u00e9rentes composantes. C&#8217;est aussi un moyen de regrouper au m\u00eame endroit&nbsp;des informations chiffr\u00e9es sur le Parc national de for\u00eats et disponibles \u00e0&nbsp;tous publics.&nbsp;<\/p>\n","protected":false},"author":1,"featured_media":0,"parent":0,"menu_order":0,"comment_status":"closed","ping_status":"closed","template":"","meta":{"neve_meta_sidebar":"full-width","neve_meta_container":"","neve_meta_enable_content_width":"on","neve_meta_content_width":100,"neve_meta_title_alignment":"","neve_meta_author_avatar":"","neve_post_elements_order":"","neve_meta_disable_header":"","neve_meta_disable_footer":"","neve_meta_disable_title":"on","_themeisle_gutenberg_block_has_review":false,"footnotes":""},"class_list":["post-311","page","type-page","status-publish","hentry"],"yoast_head":"<!-- This site is optimized with the Yoast SEO plugin v25.8 - https:\/\/yoast.com\/wordpress\/plugins\/seo\/ -->\n<title>Accueil - Observatoire du Parc national de for\u00eats<\/title>\n<meta name=\"robots\" content=\"index, follow, max-snippet:-1, max-image-preview:large, max-video-preview:-1\" \/>\n<link rel=\"canonical\" href=\"https:\/\/observatoire.forets-parcnational.fr\/\" \/>\n<meta property=\"og:locale\" content=\"fr_FR\" \/>\n<meta property=\"og:type\" content=\"article\" \/>\n<meta property=\"og:title\" content=\"Accueil - Observatoire du Parc national de for\u00eats\" \/>\n<meta property=\"og:description\" content=\"Les observatoires du Parc national de for\u00eats La charte du Parc national de for\u00eats, adopt\u00e9e par le d\u00e9cret du&nbsp;6 novembre 2019&nbsp;pour une p\u00e9riode de 15 ans, pr\u00e9voit la constitution de plusieurs observatoires th\u00e9matiques : observatoire des for\u00eats, observatoire de la fili\u00e8re bois, observatoire de l&#8217;eau, observatoire cyn\u00e9g\u00e9tique, observatoire \u00e9conomique, observatoire du foncier, observatoire du paysage, observatoire de la nature. La vocation de ces observatoires est de disposer d&#8217;un suivi des dynamiques \u00e0 l&#8217;\u0153uvre sur le territoire et ses diff\u00e9rentes composantes. C&#8217;est aussi un moyen de regrouper au m\u00eame endroit&nbsp;des informations chiffr\u00e9es sur le Parc national de for\u00eats et disponibles \u00e0&nbsp;tous publics.&nbsp;\" \/>\n<meta property=\"og:url\" content=\"https:\/\/observatoire.forets-parcnational.fr\/\" \/>\n<meta property=\"og:site_name\" content=\"Observatoire du Parc national de for\u00eats\" \/>\n<meta property=\"article:modified_time\" content=\"2026-01-06T08:09:17+00:00\" \/>\n<meta property=\"og:image\" content=\"https:\/\/observatoire.forets-parcnational.fr\/wp-content\/uploads\/2025\/03\/Parc-national-de-forets-C-Benjamin-PAWLICA2.jpg\" \/>\n\t<meta property=\"og:image:width\" content=\"1417\" \/>\n\t<meta property=\"og:image:height\" content=\"999\" \/>\n\t<meta property=\"og:image:type\" content=\"image\/jpeg\" \/>\n<meta name=\"twitter:card\" content=\"summary_large_image\" \/>\n<meta name=\"twitter:label1\" content=\"Dur\u00e9e de lecture estim\u00e9e\" \/>\n\t<meta name=\"twitter:data1\" content=\"3 minutes\" \/>\n<script type=\"application\/ld+json\" class=\"yoast-schema-graph\">{\"@context\":\"https:\/\/schema.org\",\"@graph\":[{\"@type\":\"WebPage\",\"@id\":\"https:\/\/observatoire.forets-parcnational.fr\/\",\"url\":\"https:\/\/observatoire.forets-parcnational.fr\/\",\"name\":\"Accueil - Observatoire du Parc national de for\u00eats\",\"isPartOf\":{\"@id\":\"https:\/\/observatoire.forets-parcnational.fr\/#website\"},\"primaryImageOfPage\":{\"@id\":\"https:\/\/observatoire.forets-parcnational.fr\/#primaryimage\"},\"image\":{\"@id\":\"https:\/\/observatoire.forets-parcnational.fr\/#primaryimage\"},\"thumbnailUrl\":\"https:\/\/observatoire.forets-parcnational.fr\/wp-content\/uploads\/2025\/03\/Parc-national-de-forets-C-Benjamin-PAWLICA2.jpg\",\"datePublished\":\"2020-11-10T18:14:35+00:00\",\"dateModified\":\"2026-01-06T08:09:17+00:00\",\"breadcrumb\":{\"@id\":\"https:\/\/observatoire.forets-parcnational.fr\/#breadcrumb\"},\"inLanguage\":\"fr-FR\",\"potentialAction\":[{\"@type\":\"ReadAction\",\"target\":[\"https:\/\/observatoire.forets-parcnational.fr\/\"]}]},{\"@type\":\"ImageObject\",\"inLanguage\":\"fr-FR\",\"@id\":\"https:\/\/observatoire.forets-parcnational.fr\/#primaryimage\",\"url\":\"https:\/\/observatoire.forets-parcnational.fr\/wp-content\/uploads\/2025\/03\/Parc-national-de-forets-C-Benjamin-PAWLICA2.jpg\",\"contentUrl\":\"https:\/\/observatoire.forets-parcnational.fr\/wp-content\/uploads\/2025\/03\/Parc-national-de-forets-C-Benjamin-PAWLICA2.jpg\",\"width\":1417,\"height\":999},{\"@type\":\"BreadcrumbList\",\"@id\":\"https:\/\/observatoire.forets-parcnational.fr\/#breadcrumb\",\"itemListElement\":[{\"@type\":\"ListItem\",\"position\":1,\"name\":\"Accueil\",\"item\":\"https:\/\/observatoire.forets-parcnational.fr\/\"},{\"@type\":\"ListItem\",\"position\":2,\"name\":\"Accueil\"}]},{\"@type\":\"WebSite\",\"@id\":\"https:\/\/observatoire.forets-parcnational.fr\/#website\",\"url\":\"https:\/\/observatoire.forets-parcnational.fr\/\",\"name\":\"Observatoire du Parc national de for\u00eats\",\"description\":\"Observatoire du Parc national de for\u00eats\",\"publisher\":{\"@id\":\"https:\/\/observatoire.forets-parcnational.fr\/#organization\"},\"potentialAction\":[{\"@type\":\"SearchAction\",\"target\":{\"@type\":\"EntryPoint\",\"urlTemplate\":\"https:\/\/observatoire.forets-parcnational.fr\/?s={search_term_string}\"},\"query-input\":{\"@type\":\"PropertyValueSpecification\",\"valueRequired\":true,\"valueName\":\"search_term_string\"}}],\"inLanguage\":\"fr-FR\"},{\"@type\":\"Organization\",\"@id\":\"https:\/\/observatoire.forets-parcnational.fr\/#organization\",\"name\":\"Observatoire du Parc national de for\u00eats\",\"url\":\"https:\/\/observatoire.forets-parcnational.fr\/\",\"logo\":{\"@type\":\"ImageObject\",\"inLanguage\":\"fr-FR\",\"@id\":\"https:\/\/observatoire.forets-parcnational.fr\/#\/schema\/logo\/image\/\",\"url\":\"https:\/\/observatoire.forets-parcnational.fr\/wp-content\/uploads\/2025\/02\/logo_pnforets_simple.png\",\"contentUrl\":\"https:\/\/observatoire.forets-parcnational.fr\/wp-content\/uploads\/2025\/02\/logo_pnforets_simple.png\",\"width\":267,\"height\":172,\"caption\":\"Observatoire du Parc national de for\u00eats\"},\"image\":{\"@id\":\"https:\/\/observatoire.forets-parcnational.fr\/#\/schema\/logo\/image\/\"}}]}<\/script>\n<!-- \/ Yoast SEO plugin. -->","yoast_head_json":{"title":"Accueil - Observatoire du Parc national de for\u00eats","robots":{"index":"index","follow":"follow","max-snippet":"max-snippet:-1","max-image-preview":"max-image-preview:large","max-video-preview":"max-video-preview:-1"},"canonical":"https:\/\/observatoire.forets-parcnational.fr\/","og_locale":"fr_FR","og_type":"article","og_title":"Accueil - Observatoire du Parc national de for\u00eats","og_description":"Les observatoires du Parc national de for\u00eats La charte du Parc national de for\u00eats, adopt\u00e9e par le d\u00e9cret du&nbsp;6 novembre 2019&nbsp;pour une p\u00e9riode de 15 ans, pr\u00e9voit la constitution de plusieurs observatoires th\u00e9matiques : observatoire des for\u00eats, observatoire de la fili\u00e8re bois, observatoire de l&#8217;eau, observatoire cyn\u00e9g\u00e9tique, observatoire \u00e9conomique, observatoire du foncier, observatoire du paysage, observatoire de la nature. La vocation de ces observatoires est de disposer d&#8217;un suivi des dynamiques \u00e0 l&#8217;\u0153uvre sur le territoire et ses diff\u00e9rentes composantes. C&#8217;est aussi un moyen de regrouper au m\u00eame endroit&nbsp;des informations chiffr\u00e9es sur le Parc national de for\u00eats et disponibles \u00e0&nbsp;tous publics.&nbsp;","og_url":"https:\/\/observatoire.forets-parcnational.fr\/","og_site_name":"Observatoire du Parc national de for\u00eats","article_modified_time":"2026-01-06T08:09:17+00:00","og_image":[{"width":1417,"height":999,"url":"https:\/\/observatoire.forets-parcnational.fr\/wp-content\/uploads\/2025\/03\/Parc-national-de-forets-C-Benjamin-PAWLICA2.jpg","type":"image\/jpeg"}],"twitter_card":"summary_large_image","twitter_misc":{"Dur\u00e9e de lecture estim\u00e9e":"3 minutes"},"schema":{"@context":"https:\/\/schema.org","@graph":[{"@type":"WebPage","@id":"https:\/\/observatoire.forets-parcnational.fr\/","url":"https:\/\/observatoire.forets-parcnational.fr\/","name":"Accueil - Observatoire du Parc national de for\u00eats","isPartOf":{"@id":"https:\/\/observatoire.forets-parcnational.fr\/#website"},"primaryImageOfPage":{"@id":"https:\/\/observatoire.forets-parcnational.fr\/#primaryimage"},"image":{"@id":"https:\/\/observatoire.forets-parcnational.fr\/#primaryimage"},"thumbnailUrl":"https:\/\/observatoire.forets-parcnational.fr\/wp-content\/uploads\/2025\/03\/Parc-national-de-forets-C-Benjamin-PAWLICA2.jpg","datePublished":"2020-11-10T18:14:35+00:00","dateModified":"2026-01-06T08:09:17+00:00","breadcrumb":{"@id":"https:\/\/observatoire.forets-parcnational.fr\/#breadcrumb"},"inLanguage":"fr-FR","potentialAction":[{"@type":"ReadAction","target":["https:\/\/observatoire.forets-parcnational.fr\/"]}]},{"@type":"ImageObject","inLanguage":"fr-FR","@id":"https:\/\/observatoire.forets-parcnational.fr\/#primaryimage","url":"https:\/\/observatoire.forets-parcnational.fr\/wp-content\/uploads\/2025\/03\/Parc-national-de-forets-C-Benjamin-PAWLICA2.jpg","contentUrl":"https:\/\/observatoire.forets-parcnational.fr\/wp-content\/uploads\/2025\/03\/Parc-national-de-forets-C-Benjamin-PAWLICA2.jpg","width":1417,"height":999},{"@type":"BreadcrumbList","@id":"https:\/\/observatoire.forets-parcnational.fr\/#breadcrumb","itemListElement":[{"@type":"ListItem","position":1,"name":"Accueil","item":"https:\/\/observatoire.forets-parcnational.fr\/"},{"@type":"ListItem","position":2,"name":"Accueil"}]},{"@type":"WebSite","@id":"https:\/\/observatoire.forets-parcnational.fr\/#website","url":"https:\/\/observatoire.forets-parcnational.fr\/","name":"Observatoire du Parc national de for\u00eats","description":"Observatoire du Parc national de for\u00eats","publisher":{"@id":"https:\/\/observatoire.forets-parcnational.fr\/#organization"},"potentialAction":[{"@type":"SearchAction","target":{"@type":"EntryPoint","urlTemplate":"https:\/\/observatoire.forets-parcnational.fr\/?s={search_term_string}"},"query-input":{"@type":"PropertyValueSpecification","valueRequired":true,"valueName":"search_term_string"}}],"inLanguage":"fr-FR"},{"@type":"Organization","@id":"https:\/\/observatoire.forets-parcnational.fr\/#organization","name":"Observatoire du Parc national de for\u00eats","url":"https:\/\/observatoire.forets-parcnational.fr\/","logo":{"@type":"ImageObject","inLanguage":"fr-FR","@id":"https:\/\/observatoire.forets-parcnational.fr\/#\/schema\/logo\/image\/","url":"https:\/\/observatoire.forets-parcnational.fr\/wp-content\/uploads\/2025\/02\/logo_pnforets_simple.png","contentUrl":"https:\/\/observatoire.forets-parcnational.fr\/wp-content\/uploads\/2025\/02\/logo_pnforets_simple.png","width":267,"height":172,"caption":"Observatoire du Parc national de for\u00eats"},"image":{"@id":"https:\/\/observatoire.forets-parcnational.fr\/#\/schema\/logo\/image\/"}}]}},"_links":{"self":[{"href":"https:\/\/observatoire.forets-parcnational.fr\/index.php?rest_route=\/wp\/v2\/pages\/311","targetHints":{"allow":["GET"]}}],"collection":[{"href":"https:\/\/observatoire.forets-parcnational.fr\/index.php?rest_route=\/wp\/v2\/pages"}],"about":[{"href":"https:\/\/observatoire.forets-parcnational.fr\/index.php?rest_route=\/wp\/v2\/types\/page"}],"author":[{"embeddable":true,"href":"https:\/\/observatoire.forets-parcnational.fr\/index.php?rest_route=\/wp\/v2\/users\/1"}],"replies":[{"embeddable":true,"href":"https:\/\/observatoire.forets-parcnational.fr\/index.php?rest_route=%2Fwp%2Fv2%2Fcomments&post=311"}],"version-history":[{"count":37,"href":"https:\/\/observatoire.forets-parcnational.fr\/index.php?rest_route=\/wp\/v2\/pages\/311\/revisions"}],"predecessor-version":[{"id":4384,"href":"https:\/\/observatoire.forets-parcnational.fr\/index.php?rest_route=\/wp\/v2\/pages\/311\/revisions\/4384"}],"wp:attachment":[{"href":"https:\/\/observatoire.forets-parcnational.fr\/index.php?rest_route=%2Fwp%2Fv2%2Fmedia&parent=311"}],"curies":[{"name":"wp","href":"https:\/\/api.w.org\/{rel}","templated":true}]}}